{"id":49,"date":"2017-10-07T11:36:09","date_gmt":"2017-10-07T11:36:09","guid":{"rendered":"http:\/\/electro-support.com\/?page_id=49"},"modified":"2022-02-06T12:00:52","modified_gmt":"2022-02-06T10:00:52","slug":"unsere-dienstleistungen","status":"publish","type":"page","link":"https:\/\/www.electro-support.com\/?page_id=49","title":{"rendered":"Unsere Dienstleistungen"},"content":{"rendered":"<p>Wir \u00fcbernehmen Arbeiten in &#8230;<\/p>\n<p style=\"text-align: left;\"><strong>Stark- \/ Schwachstrominstallationen in Wohnungsbau, Industrie und Gewerbe<\/strong><\/p>\n<p><strong>Schaltanlagenbau \/ Apparatebau<\/strong><\/p>\n<p><strong>Niederspannungsnetzbau<\/strong><\/p>\n<p><strong>Revisionen in Industrie und Gewerbe<\/strong><\/p>\n<p><strong>Technischer Unterhalt<\/strong><\/p>\n<p>&#8230; zum Stundentarif, sowie auch Akkordmontagen von &#8230;<\/p>\n<p><strong>Photovoltaikanlagen<\/strong><\/p>\n<p><strong>Kabeltrasse<\/strong><\/p>\n<p><strong>Beleuchtung<\/strong><\/p>\n<p><strong>Kabelz\u00fcge<\/strong><\/p>\n<p><strong>&#8230;<\/strong><\/p>\n<hr \/>\n<p>Sicher sind unsere Stundenans\u00e4tze h\u00f6her als bei einem gew\u00f6hnlichen Personalvermittler, jedoch werden die Mehrkosten nur schon durch die h\u00f6here Arbeitsleistung wettgemacht. Hinzu kommt, dass bei uns im Tarif immer alles (Werkzeug, Spesen, Fahrzeug) inbegriffen ist und somit keine versteckten Kosten entstehen.<\/p>\n<p>Unsere Stundentarife variieren nach:<\/p>\n<ul>\n<li>Art der Arbeit (Service, Apparatebau, Bauleitung,&#8230;)<\/li>\n<li>Arbeitsort<\/li>\n<li>Arbeitszeit (Tag, Nacht, Wochenende)<\/li>\n<li>Anstellungsdauer (Kurzauftr\u00e4ge von 1 Stunde bis mehrere Monate)<\/li>\n<li>\n<p align=\"LEFT\">Gr\u00f6sse der Ausr\u00fcstung (Werkzeug und Verbrauchsmaterial)<\/p>\n<p>\u00a0<\/p>\n<\/li>\n<\/ul><hr class=\"wp-block-separator is-style-wide\"\/><h4 class=\"wp-block-heading\"><\/h4>","protected":false},"excerpt":{"rendered":"<p>Wir \u00fcbernehmen Arbeiten in &#8230; Stark- \/ Schwachstrominstallationen in Wohnungsbau, Industrie und Gewerbe Schaltanlagenbau \/ Apparatebau Niederspannungsnetzbau Revisionen in Industrie und Gewerbe Technischer Unterhalt &#8230; zum Stundentarif, sowie auch Akkordmontagen von &#8230; Photovoltaikanlagen Kabeltrasse Beleuchtung Kabelz\u00fcge &#8230; Sicher sind unsere Stundenans\u00e4tze h\u00f6her als bei einem gew\u00f6hnlichen Personalvermittler, jedoch werden die Mehrkosten nur schon durch die &hellip; <\/p>\n<p class=\"link-more\"><a href=\"https:\/\/www.electro-support.com\/?page_id=49\" class=\"more-link\"><span class=\"screen-reader-text\">\u201eUnsere Dienstleistungen\u201c<\/span> weiterlesen<\/a><\/p>\n","protected":false},"author":1,"featured_media":0,"parent":0,"menu_order":0,"comment_status":"closed","ping_status":"closed","template":"","meta":{"jetpack_post_was_ever_published":false,"footnotes":""},"class_list":["post-49","page","type-page","status-publish","hentry"],"jetpack_sharing_enabled":true,"jetpack_shortlink":"https:\/\/wp.me\/P9gdZ3-N","jetpack-related-posts":[],"_links":{"self":[{"href":"https:\/\/www.electro-support.com\/index.php?rest_route=\/wp\/v2\/pages\/49","targetHints":{"allow":["GET"]}}],"collection":[{"href":"https:\/\/www.electro-support.com\/index.php?rest_route=\/wp\/v2\/pages"}],"about":[{"href":"https:\/\/www.electro-support.com\/index.php?rest_route=\/wp\/v2\/types\/page"}],"author":[{"embeddable":true,"href":"https:\/\/www.electro-support.com\/index.php?rest_route=\/wp\/v2\/users\/1"}],"replies":[{"embeddable":true,"href":"https:\/\/www.electro-support.com\/index.php?rest_route=%2Fwp%2Fv2%2Fcomments&post=49"}],"version-history":[{"count":16,"href":"https:\/\/www.electro-support.com\/index.php?rest_route=\/wp\/v2\/pages\/49\/revisions"}],"predecessor-version":[{"id":406,"href":"https:\/\/www.electro-support.com\/index.php?rest_route=\/wp\/v2\/pages\/49\/revisions\/406"}],"wp:attachment":[{"href":"https:\/\/www.electro-support.com\/index.php?rest_route=%2Fwp%2Fv2%2Fmedia&parent=49"}],"curies":[{"name":"wp","href":"https:\/\/api.w.org\/{rel}","templated":true}]}}