{"id":48,"date":"2017-10-07T11:36:09","date_gmt":"2017-10-07T11:36:09","guid":{"rendered":"http:\/\/electro-support.com\/?page_id=48"},"modified":"2022-03-16T21:51:43","modified_gmt":"2022-03-16T19:51:43","slug":"die-firma","status":"publish","type":"page","link":"https:\/\/www.electro-support.com\/?page_id=48","title":{"rendered":"Die Firma"},"content":{"rendered":"<p><strong>Gr\u00fcndung<\/strong><\/p>\n<p>2013 gr\u00fcndete Hubert Wyss aus Mels die Einzelfirma Wyss Electro-Support.<\/p>\n<p>Nach mehrj\u00e4hriger Erfahrung als Elektromonteur in Festanstellung, kam der Reiz, etwas Eigenes aufzubauen, aber trotzdem dem Elektrohandwerk treu zu bleiben. Es entstand die Idee, sich als Leasingmonteur mit Werkzeug und Fahrzeug anderen Elektroinstallationsfirmen zu vermieten. Um sich aber von den \u00fcbrigen Tempor\u00e4ren abzuheben, wurden keine Kosten gescheut, um Werkzeuge, Maschinen, Messger\u00e4te und sonstige Hilfsmittel anzuschaffen.<\/p>\n<p><img data-recalc-dims=\"1\" loading=\"lazy\" decoding=\"async\" data-attachment-id=\"76\" data-permalink=\"https:\/\/www.electro-support.com\/?attachment_id=76\" data-orig-file=\"https:\/\/i0.wp.com\/www.electro-support.com\/wp-content\/uploads\/2017\/10\/2014-01-12-12.19.52.jpg?fit=3264%2C1840&amp;ssl=1\" data-orig-size=\"3264,1840\" data-comments-opened=\"1\" data-image-meta=\"{&quot;aperture&quot;:&quot;0&quot;,&quot;credit&quot;:&quot;&quot;,&quot;camera&quot;:&quot;HTC One S&quot;,&quot;caption&quot;:&quot;&quot;,&quot;created_timestamp&quot;:&quot;1389529192&quot;,&quot;copyright&quot;:&quot;&quot;,&quot;focal_length&quot;:&quot;3.63&quot;,&quot;iso&quot;:&quot;100&quot;,&quot;shutter_speed&quot;:&quot;0.001883&quot;,&quot;title&quot;:&quot;&quot;,&quot;orientation&quot;:&quot;0&quot;}\" data-image-title=\"2014-01-12 12.19.52\" data-image-description=\"\" data-image-caption=\"\" data-medium-file=\"https:\/\/i0.wp.com\/www.electro-support.com\/wp-content\/uploads\/2017\/10\/2014-01-12-12.19.52.jpg?fit=300%2C169&amp;ssl=1\" data-large-file=\"https:\/\/i0.wp.com\/www.electro-support.com\/wp-content\/uploads\/2017\/10\/2014-01-12-12.19.52.jpg?fit=525%2C296&amp;ssl=1\" class=\"alignnone size-medium wp-image-76\" src=\"https:\/\/i0.wp.com\/electro-support.com\/wp-content\/uploads\/2017\/10\/2014-01-12-12.19.52-300x169.jpg?resize=300%2C169\" alt=\"\" width=\"300\" height=\"169\" srcset=\"https:\/\/i0.wp.com\/www.electro-support.com\/wp-content\/uploads\/2017\/10\/2014-01-12-12.19.52.jpg?resize=300%2C169&amp;ssl=1 300w, https:\/\/i0.wp.com\/www.electro-support.com\/wp-content\/uploads\/2017\/10\/2014-01-12-12.19.52.jpg?resize=768%2C433&amp;ssl=1 768w, https:\/\/i0.wp.com\/www.electro-support.com\/wp-content\/uploads\/2017\/10\/2014-01-12-12.19.52.jpg?resize=1024%2C577&amp;ssl=1 1024w, https:\/\/i0.wp.com\/www.electro-support.com\/wp-content\/uploads\/2017\/10\/2014-01-12-12.19.52.jpg?w=1575 1575w\" sizes=\"auto, (max-width: 300px) 100vw, 300px\" \/><\/p>\n<hr \/>\n<p><strong>Entwicklung<\/strong><\/p>\n<p>Bereits ein Jahr nach der Gr\u00fcndung konnten schon zwei Mitarbeiter eingestellt werden.<\/p>\n<p>In den ersten drei Jahren wurde haupts\u00e4chlich auf Grossbaustellen Einsatz geleistet. Sp\u00e4ter ging die Tendenz immer mehr in Richtung Kurzeins\u00e4tze f\u00fcr Spezialarbeiten (vorwiegend Industrie) und seit 2016 die Montage von Photovoltaikanlagen in allen Gr\u00f6ssen und Variationen.<\/p>\n<hr \/>\n<p><strong>Philosophie<\/strong><\/p>\n<p><em>Wir <strong><span style=\"color: #ff9900;\">k\u00f6nnen-machen-schaffen<\/span><\/strong> alles.<\/em><\/p>\n<p>Vom Luxmeter, \u00fcber den Abrollbock, bis zur Mauerfr\u00e4se und Kleinmaterial,\u00a0ist\u00a0immer alles\u00a0dabei. Denn nur, wer auch gut ausger\u00fcstet ist, kann sein volles Leistungspotential aussch\u00f6pfen.<\/p>\n<p>Und damit nicht jeder sehen kann, ob nun ein Gesch\u00e4ft uns gemietet hat, sind unsere Fahrzeuge unbeschriftet. Wir legen Wert auf Diskretion und sind gegen\u00fcber unseren Auftraggebern stets loyal.<\/p>\n<hr \/>\n<p><strong>Vorteile<\/strong><\/p>\n<p><em>Unser Konzept ist Ihr Vorteil:<\/em><\/p>\n<ul>\n<li>sehr flexibles Personal<\/li>\n<li>Arbeitsbeginn direkt auf der Baustelle (oder Gesch\u00e4ft)<\/li>\n<li>f\u00fcr jede Arbeit das passende Werkzeug<\/li>\n<li>keine kostbaren Zeitverluste infolge fehlendem\u00a0Werkzeug oder Kleinmaterial<\/li>\n<li>schnellere Fertigstellung ihrer Projekte<\/li>\n<li>Sie sparen sich die Zeit und Kosten f\u00fcr Werkzeugbeschaffung, Fahrzeugunterhalt, &#8230;<\/li>\n<li>Personaladministration entf\u00e4llt<\/li>\n<li>es kommt ein CH-Monteur<\/li>\n<li>keine Aufstockung des eigenen Personalbestandes<\/li>\n<li>Werkzeugverschleiss\u00a0 und Maschinendefekte gehen nicht zu Ihren Lasten<\/li>\n<li>keine Kosten bei Unfall und Krankheit des Leihmonteurs<\/li>\n<li>sie haben den Kopf frei f\u00fcr andere Projekte<br \/><hr \/><\/li>\n<\/ul>\n<p><strong>Zielgruppe<\/strong><\/p>\n<p>Als elektrotechnisches Subunternehmen f\u00fchren wir\u00a0Arbeiten nur f\u00fcr Elektroinstallationsunternehmen mit Installationsbewilligung aus. Unser Einsatzgebiet liegt haupts\u00e4chlich im St. Galler und B\u00fcndner Rheintal, bis hin zum Walensee.<\/p>\n<p><em>Bei Direktanfragen von Privaten, Beh\u00f6rden\u00a0oder Unternehmen vermitteln wir gerne einen passenden und kompetenten\u00a0Anbieter rsp. Installateur.<\/em><\/p>\n<p><a href=\"http:\/\/electro-support.com\/?page_id=87\">Kontakt<\/a><\/p>\n<hr \/><figure class=\"wp-block-image\"><img data-recalc-dims=\"1\" loading=\"lazy\" decoding=\"async\" width=\"525\" height=\"341\" data-attachment-id=\"164\" data-permalink=\"https:\/\/www.electro-support.com\/?attachment_id=164\" data-orig-file=\"https:\/\/i0.wp.com\/www.electro-support.com\/wp-content\/uploads\/2019\/01\/transit-f%C3%BCr-homepage.jpg?fit=1541%2C1003&amp;ssl=1\" data-orig-size=\"1541,1003\" data-comments-opened=\"1\" data-image-meta=\"{&quot;aperture&quot;:&quot;0&quot;,&quot;credit&quot;:&quot;&quot;,&quot;camera&quot;:&quot;HTC One S&quot;,&quot;caption&quot;:&quot;&quot;,&quot;created_timestamp&quot;:&quot;1384527995&quot;,&quot;copyright&quot;:&quot;&quot;,&quot;focal_length&quot;:&quot;3.63&quot;,&quot;iso&quot;:&quot;107&quot;,&quot;shutter_speed&quot;:&quot;0.010008&quot;,&quot;title&quot;:&quot;&quot;,&quot;orientation&quot;:&quot;1&quot;}\" data-image-title=\"transit f\u00fcr homepage\" data-image-description=\"\" data-image-caption=\"\" data-medium-file=\"https:\/\/i0.wp.com\/www.electro-support.com\/wp-content\/uploads\/2019\/01\/transit-f%C3%BCr-homepage.jpg?fit=300%2C195&amp;ssl=1\" data-large-file=\"https:\/\/i0.wp.com\/www.electro-support.com\/wp-content\/uploads\/2019\/01\/transit-f%C3%BCr-homepage.jpg?fit=525%2C341&amp;ssl=1\" src=\"https:\/\/i0.wp.com\/www.electro-support.com\/wp-content\/uploads\/2019\/01\/transit-f%C3%BCr-homepage.jpg?resize=525%2C341\" alt=\"\" class=\"wp-image-164\" srcset=\"https:\/\/i0.wp.com\/www.electro-support.com\/wp-content\/uploads\/2019\/01\/transit-f%C3%BCr-homepage.jpg?resize=1024%2C666&amp;ssl=1 1024w, https:\/\/i0.wp.com\/www.electro-support.com\/wp-content\/uploads\/2019\/01\/transit-f%C3%BCr-homepage.jpg?resize=300%2C195&amp;ssl=1 300w, https:\/\/i0.wp.com\/www.electro-support.com\/wp-content\/uploads\/2019\/01\/transit-f%C3%BCr-homepage.jpg?resize=768%2C500&amp;ssl=1 768w, https:\/\/i0.wp.com\/www.electro-support.com\/wp-content\/uploads\/2019\/01\/transit-f%C3%BCr-homepage.jpg?w=1541&amp;ssl=1 1541w\" sizes=\"auto, (max-width: 767px) 89vw, (max-width: 1000px) 54vw, (max-width: 1071px) 543px, 580px\" \/><figcaption>Foto vom Inhaber im Gr\u00fcndungsjahr 2013 mit dem ersten Transporter.<\/figcaption><\/figure>","protected":false},"excerpt":{"rendered":"<p>Gr\u00fcndung 2013 gr\u00fcndete Hubert Wyss aus Mels die Einzelfirma Wyss Electro-Support. Nach mehrj\u00e4hriger Erfahrung als Elektromonteur in Festanstellung, kam der Reiz, etwas Eigenes aufzubauen, aber trotzdem dem Elektrohandwerk treu zu bleiben. Es entstand die Idee, sich als Leasingmonteur mit Werkzeug und Fahrzeug anderen Elektroinstallationsfirmen zu vermieten. Um sich aber von den \u00fcbrigen Tempor\u00e4ren abzuheben, wurden &hellip; <\/p>\n<p class=\"link-more\"><a href=\"https:\/\/www.electro-support.com\/?page_id=48\" class=\"more-link\"><span class=\"screen-reader-text\">\u201eDie Firma\u201c<\/span> weiterlesen<\/a><\/p>\n","protected":false},"author":1,"featured_media":0,"parent":0,"menu_order":0,"comment_status":"closed","ping_status":"closed","template":"","meta":{"jetpack_post_was_ever_published":false,"footnotes":""},"class_list":["post-48","page","type-page","status-publish","hentry"],"jetpack_sharing_enabled":true,"jetpack_shortlink":"https:\/\/wp.me\/P9gdZ3-M","jetpack-related-posts":[],"_links":{"self":[{"href":"https:\/\/www.electro-support.com\/index.php?rest_route=\/wp\/v2\/pages\/48","targetHints":{"allow":["GET"]}}],"collection":[{"href":"https:\/\/www.electro-support.com\/index.php?rest_route=\/wp\/v2\/pages"}],"about":[{"href":"https:\/\/www.electro-support.com\/index.php?rest_route=\/wp\/v2\/types\/page"}],"author":[{"embeddable":true,"href":"https:\/\/www.electro-support.com\/index.php?rest_route=\/wp\/v2\/users\/1"}],"replies":[{"embeddable":true,"href":"https:\/\/www.electro-support.com\/index.php?rest_route=%2Fwp%2Fv2%2Fcomments&post=48"}],"version-history":[{"count":17,"href":"https:\/\/www.electro-support.com\/index.php?rest_route=\/wp\/v2\/pages\/48\/revisions"}],"predecessor-version":[{"id":414,"href":"https:\/\/www.electro-support.com\/index.php?rest_route=\/wp\/v2\/pages\/48\/revisions\/414"}],"wp:attachment":[{"href":"https:\/\/www.electro-support.com\/index.php?rest_route=%2Fwp%2Fv2%2Fmedia&parent=48"}],"curies":[{"name":"wp","href":"https:\/\/api.w.org\/{rel}","templated":true}]}}