{"id":150,"date":"2019-01-07T11:47:08","date_gmt":"2019-01-07T09:47:08","guid":{"rendered":"http:\/\/www.electro-support.com\/?page_id=150"},"modified":"2019-01-11T11:23:17","modified_gmt":"2019-01-11T09:23:17","slug":"agb","status":"publish","type":"page","link":"https:\/\/www.electro-support.com\/?page_id=150","title":{"rendered":"AGB"},"content":{"rendered":"<p><strong>Allgemeine Verkaufs- und Lieferbedingungen<\/strong>\u00a0<br><br>Mit der Bestellung akzeptiert der Kunde unsere allgemeinen Verkaufs- und Lieferbedingungen. <br><br><strong>Angebot und Vertragsschluss<\/strong> <br>Die Offerten der Firma\u00a0Wyss Electro-Support\u00a0sind grunds\u00e4tzlich unverbindlich, sofern nicht ausdr\u00fccklich etwas anderes vereinbart wurde. Massgebend sind ansonsten die in der Auftragsbest\u00e4tigung der Firma\u00a0Wyss Electro-Support\u00a0genannten Preise zuz\u00fcglich der jeweiligen gesetzlichen Umsatzsteuer. Zus\u00e4tzliche Lieferungen und Leistungen werden gesondert berechnet. <br>Zeichnungen, Abbildungen, Ma\u00dfe, Gewichte oder sonstige Leistungsdaten sind nur verbindlich, wenn dies ausdr\u00fccklich schriftlich vereinbart wird.<br><br><strong>Preise <\/strong><br>Unsere Preise verstehen sich in Schweizerfranken CHF inkl. MWST ausschliesslich der Kosten f\u00fcr Versand, Versicherung und sonstige Geb\u00fchren (vorgezogene Recyclinggeb\u00fchr). <br><br><strong>Zahlung <\/strong><br>50 % des Rechnungsbetrages wird bei der Auftragserteilung f\u00e4llig, der Restbetrag nach Beendigung der Arbeiten. (Sofern nichts anderes auf der Auftragsbest\u00e4tigung vereinbart wird.) <br>Unsere Rechnungen sind zahlbar innert 30 Tagen nach Fakturadatum netto ohne jeden Skontoabzug. Ungerechtfertigte Abz\u00fcge werden nachbelastet. F\u00fcr Mahnungen erheben wir eine Bearbeitungsgeb\u00fchr von CHF 20.00. Die erste Mahnung erfolgt 15 Tage nach \u00dcberschreitung des Zahlungsziels. Es werden die handels\u00fcblichen Verzugszinsen verrechnet. <br><br><strong>Eigentumsvorbehalt<\/strong> <br>Die gelieferten Waren gehen erst nach vollst\u00e4ndiger Bezahlung in das Eigentum des K\u00e4ufers \u00fcber.<br>Sollten die gelieferten\u00a0und\/oder montierten Produkte\u00a0nach mehrmaliger\u00a0Aufforderung\u00a0nicht bezahlt werden, beh\u00e4lt sich Wyss Electro-Support das Recht vor, die Sache wieder zu demontieren und abzuf\u00fchren.\u00a0F\u00fcr die dadurch allenfalls hinterlassenen Sch\u00e4den (Bohrl\u00f6cher, etc.) kann Wyss\u00a0Electro-Support nicht belangt werden.\u00a0<br><br><strong>Lieferung<\/strong> <br>Die Lieferung erfolgt auf Kosten und Gefahr des Empf\u00e4ngers. Verpackung und Versand werden zu Selbstkosten dem K\u00e4ufer belastet. <br>Beanstandungen und Reklamationen \u00fcber Lieferungen und Leistungen sind der Firma\u00a0Wyss Electro-Support\u00a0innerhalb von f\u00fcnf Werktagen nach Erhalt der Sendung, oder bei schl\u00fcsselfertigen Anlagen innerhalb f\u00fcnf Tagen nach erster Inbetriebnahme, schriftlich zu melden. M\u00e4ngelanspr\u00fcche des Kunden setzen voraus, dass dieser seinen geschuldeten Untersuchungs- und R\u00fcgeobliegenheiten ordnungsgem\u00e4ss nachgekommen ist. <br><br><strong>Garantie<\/strong> <br>Auf s\u00e4mtliche Produkte leisten wir eine Garantie von mindestens 2 Jahren f\u00fcr Material-und Verarbeitungsfehler. Ausgenommen von der Garantie sind Sch\u00e4den an elektronischen Ger\u00e4ten, die durch atmosph\u00e4rische \u00dcberspannung (Blitz) entstanden sind.<\/p><p><\/p>","protected":false},"excerpt":{"rendered":"<p>Allgemeine Verkaufs- und Lieferbedingungen\u00a0 Mit der Bestellung akzeptiert der Kunde unsere allgemeinen Verkaufs- und Lieferbedingungen. Angebot und Vertragsschluss Die Offerten der Firma\u00a0Wyss Electro-Support\u00a0sind grunds\u00e4tzlich unverbindlich, sofern nicht ausdr\u00fccklich etwas anderes vereinbart wurde. Massgebend sind ansonsten die in der Auftragsbest\u00e4tigung der Firma\u00a0Wyss Electro-Support\u00a0genannten Preise zuz\u00fcglich der jeweiligen gesetzlichen Umsatzsteuer. Zus\u00e4tzliche Lieferungen und Leistungen werden gesondert berechnet. &hellip; <\/p>\n<p class=\"link-more\"><a href=\"https:\/\/www.electro-support.com\/?page_id=150\" class=\"more-link\"><span class=\"screen-reader-text\">\u201eAGB\u201c<\/span> weiterlesen<\/a><\/p>\n","protected":false},"author":1,"featured_media":0,"parent":0,"menu_order":0,"comment_status":"closed","ping_status":"closed","template":"","meta":{"jetpack_post_was_ever_published":false,"footnotes":""},"class_list":["post-150","page","type-page","status-publish","hentry"],"jetpack_sharing_enabled":true,"jetpack_shortlink":"https:\/\/wp.me\/P9gdZ3-2q","jetpack-related-posts":[],"_links":{"self":[{"href":"https:\/\/www.electro-support.com\/index.php?rest_route=\/wp\/v2\/pages\/150","targetHints":{"allow":["GET"]}}],"collection":[{"href":"https:\/\/www.electro-support.com\/index.php?rest_route=\/wp\/v2\/pages"}],"about":[{"href":"https:\/\/www.electro-support.com\/index.php?rest_route=\/wp\/v2\/types\/page"}],"author":[{"embeddable":true,"href":"https:\/\/www.electro-support.com\/index.php?rest_route=\/wp\/v2\/users\/1"}],"replies":[{"embeddable":true,"href":"https:\/\/www.electro-support.com\/index.php?rest_route=%2Fwp%2Fv2%2Fcomments&post=150"}],"version-history":[{"count":3,"href":"https:\/\/www.electro-support.com\/index.php?rest_route=\/wp\/v2\/pages\/150\/revisions"}],"predecessor-version":[{"id":181,"href":"https:\/\/www.electro-support.com\/index.php?rest_route=\/wp\/v2\/pages\/150\/revisions\/181"}],"wp:attachment":[{"href":"https:\/\/www.electro-support.com\/index.php?rest_route=%2Fwp%2Fv2%2Fmedia&parent=150"}],"curies":[{"name":"wp","href":"https:\/\/api.w.org\/{rel}","templated":true}]}}